{"id":75,"date":"2025-05-06T12:35:57","date_gmt":"2025-05-06T12:35:57","guid":{"rendered":"https:\/\/marper.net\/?page_id=75"},"modified":"2025-05-11T07:41:58","modified_gmt":"2025-05-11T07:41:58","slug":"la-empresa","status":"publish","type":"page","link":"https:\/\/marper.net\/en\/la-empresa\/","title":{"rendered":"La empresa"},"content":{"rendered":"\t\t<div data-elementor-type=\"wp-page\" data-elementor-id=\"75\" class=\"elementor elementor-75\">\n\t\t\t\t<div class=\"elementor-element elementor-element-undefined-468a555 e-flex e-con-boxed e-con e-parent\" data-id=\"undefined-468a555\" data-element_type=\"container\" data-e-type=\"container\" data-settings=\"{&quot;background_background&quot;:&quot;classic&quot;}\">\n\t\t\t\t\t<div class=\"e-con-inner\">\n\t\t<div class=\"elementor-element elementor-element-undefined-9450b8f e-con-full e-flex e-con e-child\" data-id=\"undefined-9450b8f\" data-element_type=\"container\" data-e-type=\"container\">\n\t\t\t\t<div class=\"elementor-element elementor-element-undefined-01d0e9a elementor-widget elementor-widget-heading\" data-id=\"undefined-01d0e9a\" data-element_type=\"widget\" data-e-type=\"widget\" data-widget_type=\"heading.default\">\n\t\t\t\t<div class=\"elementor-widget-container\">\n\t\t\t\t\t<h2 class=\"elementor-heading-title elementor-size-default\">Sobre Nosotros<\/h2>\t\t\t\t<\/div>\n\t\t\t\t<\/div>\n\t\t\t\t<div class=\"elementor-element elementor-element-undefined-14a0e90 elementor-widget elementor-widget-text-editor\" data-id=\"undefined-14a0e90\" data-element_type=\"widget\" data-e-type=\"widget\" data-widget_type=\"text-editor.default\">\n\t\t\t\t<div class=\"elementor-widget-container\">\n\t\t\t\t\t\t\t\t\t<p>MARPER REVESTIMIENTOS es una empresa familiar ubicada en el occidente de Asturias con m\u00e1s de 20 a\u00f1os de experiencia en el sector de la construcci\u00f3n. En sus inicios MARPER REVESTIMIENTOS estaba especializada en la obra civil realizando todo tipo de REHABILITACIONES, REFORMAS Y REVESTIMIENTOS, concretamente en la ejecuci\u00f3n de viviendas unifamiliares .<\/p><p>Desde hace 7 a\u00f1os la empresa nace como S.L., nos diversificamos y hemos dado el salto a la obra p\u00fablica realizando todo tipo de trabajos de alba\u00f1iler\u00eda, obra nueva y mejoras de eficiencia energ\u00e9tica y accesibilidad.<\/p><p>Prestamos nuestros servicios principalmente en las provincias de Asturias y Lugo, trabajando tanto para organismos p\u00fablicos como privados.<\/p>\t\t\t\t\t\t\t\t<\/div>\n\t\t\t\t<\/div>\n\t\t\t\t<\/div>\n\t\t<div class=\"elementor-element elementor-element-undefined-4fa9ceb e-con-full e-flex e-con e-child\" data-id=\"undefined-4fa9ceb\" data-element_type=\"container\" data-e-type=\"container\">\n\t\t\t\t<div class=\"elementor-element elementor-element-044b603 elementor-widget elementor-widget-image\" data-id=\"044b603\" data-element_type=\"widget\" data-e-type=\"widget\" data-widget_type=\"image.default\">\n\t\t\t\t<div class=\"elementor-widget-container\">\n\t\t\t\t\t\t\t\t\t\t\t\t\t\t\t<img fetchpriority=\"high\" decoding=\"async\" width=\"640\" height=\"427\" src=\"https:\/\/marper.net\/wp-content\/uploads\/2025\/05\/handshake-4014589_640.png\" class=\"attachment-large size-large wp-image-158\" alt=\"Saludo\" srcset=\"https:\/\/marper.net\/wp-content\/uploads\/2025\/05\/handshake-4014589_640.png 640w, https:\/\/marper.net\/wp-content\/uploads\/2025\/05\/handshake-4014589_640-300x200.png 300w\" sizes=\"(max-width: 640px) 100vw, 640px\" \/>\t\t\t\t\t\t\t\t\t\t\t\t\t\t\t<\/div>\n\t\t\t\t<\/div>\n\t\t\t\t<\/div>\n\t\t\t\t\t<\/div>\n\t\t\t\t<\/div>\n\t\t<div class=\"elementor-element elementor-element-861a7bb e-flex e-con-boxed e-con e-parent\" data-id=\"861a7bb\" data-element_type=\"container\" data-e-type=\"container\">\n\t\t\t\t\t<div class=\"e-con-inner\">\n\t\t\t\t<div class=\"elementor-element elementor-element-c20cdb8 elementor-arrows-position-inside elementor-pagination-position-outside elementor-widget elementor-widget-image-carousel\" data-id=\"c20cdb8\" data-element_type=\"widget\" data-e-type=\"widget\" data-settings=\"{&quot;navigation&quot;:&quot;both&quot;,&quot;autoplay&quot;:&quot;yes&quot;,&quot;pause_on_hover&quot;:&quot;yes&quot;,&quot;pause_on_interaction&quot;:&quot;yes&quot;,&quot;autoplay_speed&quot;:5000,&quot;infinite&quot;:&quot;yes&quot;,&quot;speed&quot;:500}\" data-widget_type=\"image-carousel.default\">\n\t\t\t\t<div class=\"elementor-widget-container\">\n\t\t\t\t\t\t\t<div class=\"elementor-image-carousel-wrapper swiper\" role=\"region\" aria-roledescription=\"carousel\" aria-label=\"Carrusel de im\u00e1genes\" dir=\"ltr\">\n\t\t\t<div class=\"elementor-image-carousel swiper-wrapper\" aria-live=\"off\">\n\t\t\t\t\t\t\t\t<div class=\"swiper-slide\" role=\"group\" aria-roledescription=\"slide\" aria-label=\"1 de 7\"><a data-elementor-open-lightbox=\"yes\" data-elementor-lightbox-slideshow=\"c20cdb8\" data-elementor-lightbox-title=\"construction-site-7237492_640\" data-e-action-hash=\"#elementor-action%3Aaction%3Dlightbox%26settings%3DeyJpZCI6NDgsInVybCI6Imh0dHBzOlwvXC9tYXJwZXIubmV0XC93cC1jb250ZW50XC91cGxvYWRzXC8yMDI1XC8wNVwvY29uc3RydWN0aW9uLXNpdGUtNzIzNzQ5Ml82NDAuanBnIiwic2xpZGVzaG93IjoiYzIwY2RiOCJ9\" href=\"https:\/\/marper.net\/wp-content\/uploads\/2025\/05\/construction-site-7237492_640.jpg\"><figure class=\"swiper-slide-inner\"><img decoding=\"async\" class=\"swiper-slide-image\" src=\"https:\/\/marper.net\/wp-content\/uploads\/2025\/05\/construction-site-7237492_640-150x150.jpg\" alt=\"operarios obra\" \/><\/figure><\/a><\/div><div class=\"swiper-slide\" role=\"group\" aria-roledescription=\"slide\" aria-label=\"2 de 7\"><a data-elementor-open-lightbox=\"yes\" data-elementor-lightbox-slideshow=\"c20cdb8\" data-elementor-lightbox-title=\"marper_header2\" data-e-action-hash=\"#elementor-action%3Aaction%3Dlightbox%26settings%3DeyJpZCI6MjIsInVybCI6Imh0dHBzOlwvXC9tYXJwZXIubmV0XC93cC1jb250ZW50XC91cGxvYWRzXC8yMDI1XC8wNVwvbWFycGVyX2hlYWRlcjItc2NhbGVkLmpwZyIsInNsaWRlc2hvdyI6ImMyMGNkYjgifQ%3D%3D\" href=\"https:\/\/marper.net\/wp-content\/uploads\/2025\/05\/marper_header2-scaled.jpg\"><figure class=\"swiper-slide-inner\"><img decoding=\"async\" class=\"swiper-slide-image\" src=\"https:\/\/marper.net\/wp-content\/uploads\/2025\/05\/marper_header2-150x150.jpg\" alt=\"fachada\" \/><\/figure><\/a><\/div><div class=\"swiper-slide\" role=\"group\" aria-roledescription=\"slide\" aria-label=\"3 de 7\"><a data-elementor-open-lightbox=\"yes\" data-elementor-lightbox-slideshow=\"c20cdb8\" data-elementor-lightbox-title=\"roof-truss-3339206_1280\" data-e-action-hash=\"#elementor-action%3Aaction%3Dlightbox%26settings%3DeyJpZCI6NDYsInVybCI6Imh0dHBzOlwvXC9tYXJwZXIubmV0XC93cC1jb250ZW50XC91cGxvYWRzXC8yMDI1XC8wNVwvcm9vZi10cnVzcy0zMzM5MjA2XzEyODAuanBnIiwic2xpZGVzaG93IjoiYzIwY2RiOCJ9\" href=\"https:\/\/marper.net\/wp-content\/uploads\/2025\/05\/roof-truss-3339206_1280.jpg\"><figure class=\"swiper-slide-inner\"><img decoding=\"async\" class=\"swiper-slide-image\" src=\"https:\/\/marper.net\/wp-content\/uploads\/2025\/05\/roof-truss-3339206_1280-150x150.jpg\" alt=\"estructura tejado\" \/><\/figure><\/a><\/div><div class=\"swiper-slide\" role=\"group\" aria-roledescription=\"slide\" aria-label=\"4 de 7\"><a data-elementor-open-lightbox=\"yes\" data-elementor-lightbox-slideshow=\"c20cdb8\" data-elementor-lightbox-title=\"construction-4754310_640\" data-e-action-hash=\"#elementor-action%3Aaction%3Dlightbox%26settings%3DeyJpZCI6NTgsInVybCI6Imh0dHBzOlwvXC9tYXJwZXIubmV0XC93cC1jb250ZW50XC91cGxvYWRzXC8yMDI1XC8wNVwvY29uc3RydWN0aW9uLTQ3NTQzMTBfNjQwLmpwZyIsInNsaWRlc2hvdyI6ImMyMGNkYjgifQ%3D%3D\" href=\"https:\/\/marper.net\/wp-content\/uploads\/2025\/05\/construction-4754310_640.jpg\"><figure class=\"swiper-slide-inner\"><img decoding=\"async\" class=\"swiper-slide-image\" src=\"https:\/\/marper.net\/wp-content\/uploads\/2025\/05\/construction-4754310_640-150x150.jpg\" alt=\"trabajador\" \/><\/figure><\/a><\/div><div class=\"swiper-slide\" role=\"group\" aria-roledescription=\"slide\" aria-label=\"5 de 7\"><a data-elementor-open-lightbox=\"yes\" data-elementor-lightbox-slideshow=\"c20cdb8\" data-elementor-lightbox-title=\"1746611617294\" data-e-action-hash=\"#elementor-action%3Aaction%3Dlightbox%26settings%3DeyJpZCI6MjU3LCJ1cmwiOiJodHRwczpcL1wvbWFycGVyLm5ldFwvd3AtY29udGVudFwvdXBsb2Fkc1wvMjAyNVwvMDVcLzE3NDY2MTE2MTcyOTQtc2NhbGVkLmpwZyIsInNsaWRlc2hvdyI6ImMyMGNkYjgifQ%3D%3D\" href=\"https:\/\/marper.net\/wp-content\/uploads\/2025\/05\/1746611617294-scaled.jpg\"><figure class=\"swiper-slide-inner\"><img decoding=\"async\" class=\"swiper-slide-image\" src=\"https:\/\/marper.net\/wp-content\/uploads\/2025\/05\/1746611617294-150x150.jpg\" alt=\"fachada\" \/><\/figure><\/a><\/div><div class=\"swiper-slide\" role=\"group\" aria-roledescription=\"slide\" aria-label=\"6 de 7\"><a data-elementor-open-lightbox=\"yes\" data-elementor-lightbox-slideshow=\"c20cdb8\" data-elementor-lightbox-title=\"1000050606\" data-e-action-hash=\"#elementor-action%3Aaction%3Dlightbox%26settings%3DeyJpZCI6MjQxLCJ1cmwiOiJodHRwczpcL1wvbWFycGVyLm5ldFwvd3AtY29udGVudFwvdXBsb2Fkc1wvMjAyNVwvMDVcLzEwMDAwNTA2MDYuanBnIiwic2xpZGVzaG93IjoiYzIwY2RiOCJ9\" href=\"https:\/\/marper.net\/wp-content\/uploads\/2025\/05\/1000050606.jpg\"><figure class=\"swiper-slide-inner\"><img decoding=\"async\" class=\"swiper-slide-image\" src=\"https:\/\/marper.net\/wp-content\/uploads\/2025\/05\/1000050606-150x150.jpg\" alt=\"vivienda\" \/><\/figure><\/a><\/div><div class=\"swiper-slide\" role=\"group\" aria-roledescription=\"slide\" aria-label=\"7 de 7\"><a data-elementor-open-lightbox=\"yes\" data-elementor-lightbox-slideshow=\"c20cdb8\" data-elementor-lightbox-title=\"O Formento Sal\u00f3n\" data-e-action-hash=\"#elementor-action%3Aaction%3Dlightbox%26settings%3DeyJpZCI6MjM0LCJ1cmwiOiJodHRwczpcL1wvbWFycGVyLm5ldFwvd3AtY29udGVudFwvdXBsb2Fkc1wvMjAyNVwvMDVcL08tRm9ybWVudG8tU2Fsb24uanBnIiwic2xpZGVzaG93IjoiYzIwY2RiOCJ9\" href=\"https:\/\/marper.net\/wp-content\/uploads\/2025\/05\/O-Formento-Salon.jpg\"><figure class=\"swiper-slide-inner\"><img decoding=\"async\" class=\"swiper-slide-image\" src=\"https:\/\/marper.net\/wp-content\/uploads\/2025\/05\/O-Formento-Salon-150x150.jpg\" alt=\"apartamentos\" \/><\/figure><\/a><\/div>\t\t\t<\/div>\n\t\t\t\t\t\t\t\t\t\t\t\t<div class=\"elementor-swiper-button elementor-swiper-button-prev\" role=\"button\" tabindex=\"0\">\n\t\t\t\t\t\t<svg aria-hidden=\"true\" class=\"e-font-icon-svg e-eicon-chevron-left\" viewBox=\"0 0 1000 1000\" xmlns=\"http:\/\/www.w3.org\/2000\/svg\"><path d=\"M646 125C629 125 613 133 604 142L308 442C296 454 292 471 292 487 292 504 296 521 308 533L604 854C617 867 629 875 646 875 663 875 679 871 692 858 704 846 713 829 713 812 713 796 708 779 692 767L438 487 692 225C700 217 708 204 708 187 708 171 704 154 692 142 675 129 663 125 646 125Z\"><\/path><\/svg>\t\t\t\t\t<\/div>\n\t\t\t\t\t<div class=\"elementor-swiper-button elementor-swiper-button-next\" role=\"button\" tabindex=\"0\">\n\t\t\t\t\t\t<svg aria-hidden=\"true\" class=\"e-font-icon-svg e-eicon-chevron-right\" viewBox=\"0 0 1000 1000\" xmlns=\"http:\/\/www.w3.org\/2000\/svg\"><path d=\"M696 533C708 521 713 504 713 487 713 471 708 454 696 446L400 146C388 133 375 125 354 125 338 125 325 129 313 142 300 154 292 171 292 187 292 204 296 221 308 233L563 492 304 771C292 783 288 800 288 817 288 833 296 850 308 863 321 871 338 875 354 875 371 875 388 867 400 854L696 533Z\"><\/path><\/svg>\t\t\t\t\t<\/div>\n\t\t\t\t\n\t\t\t\t\t\t\t\t\t<div class=\"swiper-pagination\"><\/div>\n\t\t\t\t\t\t\t\t\t<\/div>\n\t\t\t\t\t\t<\/div>\n\t\t\t\t<\/div>\n\t\t\t\t\t<\/div>\n\t\t\t\t<\/div>\n\t\t<div class=\"elementor-element elementor-element-cc5ab7b e-flex e-con-boxed e-con e-parent\" data-id=\"cc5ab7b\" data-element_type=\"container\" data-e-type=\"container\">\n\t\t\t\t\t<div class=\"e-con-inner\">\n\t\t\t\t<div class=\"elementor-element elementor-element-5c2359c elementor-widget elementor-widget-text-editor\" data-id=\"5c2359c\" data-element_type=\"widget\" data-e-type=\"widget\" data-widget_type=\"text-editor.default\">\n\t\t\t\t<div class=\"elementor-widget-container\">\n\t\t\t\t\t\t\t\t\t<p><strong>NUESTRO COMPROMISO: EFICIENCIA Y CALIDAD<\/strong><\/p><p>Somos una empresa constructora situada en Asturias que responde a las necesidades de clientes p\u00fablicos y privados para la ejecuci\u00f3n de sus proyectos.<\/p><p>\u00a0 Estamos especializados en Reformas integrales, rehabilitaci\u00f3n, mejoras de eficiencia energ\u00e9tica y accesibilidad.<\/p>\t\t\t\t\t\t\t\t<\/div>\n\t\t\t\t<\/div>\n\t\t\t\t\t<\/div>\n\t\t\t\t<\/div>\n\t\t<div class=\"elementor-element elementor-element-372379e e-flex e-con-boxed e-con e-parent\" data-id=\"372379e\" data-element_type=\"container\" data-e-type=\"container\">\n\t\t\t\t\t<div class=\"e-con-inner\">\n\t\t\t\t<div class=\"elementor-element elementor-element-bf5487e elementor-widget-divider--view-line elementor-widget elementor-widget-divider\" data-id=\"bf5487e\" data-element_type=\"widget\" data-e-type=\"widget\" data-widget_type=\"divider.default\">\n\t\t\t\t<div class=\"elementor-widget-container\">\n\t\t\t\t\t\t\t<div class=\"elementor-divider\">\n\t\t\t<span class=\"elementor-divider-separator\">\n\t\t\t\t\t\t<\/span>\n\t\t<\/div>\n\t\t\t\t\t\t<\/div>\n\t\t\t\t<\/div>\n\t\t\t\t<div class=\"elementor-element elementor-element-2018375 elementor-widget elementor-widget-image\" data-id=\"2018375\" data-element_type=\"widget\" data-e-type=\"widget\" data-widget_type=\"image.default\">\n\t\t\t\t<div class=\"elementor-widget-container\">\n\t\t\t\t\t\t\t\t\t\t\t\t\t\t\t<img decoding=\"async\" width=\"800\" height=\"93\" src=\"https:\/\/marper.net\/wp-content\/uploads\/2025\/05\/Logo-publicidad-1024x119-1.png\" class=\"attachment-large size-large wp-image-183\" alt=\"logo publicidad\" srcset=\"https:\/\/marper.net\/wp-content\/uploads\/2025\/05\/Logo-publicidad-1024x119-1.png 1024w, https:\/\/marper.net\/wp-content\/uploads\/2025\/05\/Logo-publicidad-1024x119-1-300x35.png 300w, https:\/\/marper.net\/wp-content\/uploads\/2025\/05\/Logo-publicidad-1024x119-1-768x89.png 768w\" sizes=\"(max-width: 800px) 100vw, 800px\" \/>\t\t\t\t\t\t\t\t\t\t\t\t\t\t\t<\/div>\n\t\t\t\t<\/div>\n\t\t\t\t\t<\/div>\n\t\t\t\t<\/div>\n\t\t\t\t<\/div>\n\t\t","protected":false},"excerpt":{"rendered":"<p>construction-site-7237492_640marper_header2roof-truss-3339206_1280construction-4754310_64017466116172941000050606O Formento Sal\u00f3n<\/p>\n","protected":false},"author":1,"featured_media":0,"parent":0,"menu_order":0,"comment_status":"closed","ping_status":"closed","template":"","meta":{"footnotes":""},"class_list":["post-75","page","type-page","status-publish","hentry"],"yoast_head":"<!-- This site is optimized with the Yoast SEO plugin v27.3 - https:\/\/yoast.com\/product\/yoast-seo-wordpress\/ -->\n<title>La empresa<\/title>\n<meta name=\"description\" content=\"Marper Resvestimientos en Vegadeo, empresa de construcci\u00f3n, rehabilitacion y reformas de vivienda o instalaciones industriales\" \/>\n<meta name=\"robots\" content=\"index, follow, max-snippet:-1, max-image-preview:large, max-video-preview:-1\" \/>\n<link rel=\"canonical\" href=\"https:\/\/marper.net\/en\/la-empresa\/\" \/>\n<meta property=\"og:locale\" content=\"en_US\" \/>\n<meta property=\"og:locale:alternate\" content=\"es_ES\" \/>\n<meta property=\"og:type\" content=\"article\" \/>\n<meta property=\"og:title\" content=\"La empresa\" \/>\n<meta property=\"og:description\" content=\"Marper Resvestimientos en Vegadeo, empresa de construcci\u00f3n, rehabilitacion y reformas de vivienda o instalaciones industriales\" \/>\n<meta property=\"og:url\" content=\"https:\/\/marper.net\/en\/la-empresa\/\" \/>\n<meta property=\"og:site_name\" content=\"Marper Revestimientos SL\" \/>\n<meta property=\"article:modified_time\" content=\"2025-05-11T07:41:58+00:00\" \/>\n<meta property=\"og:image\" content=\"https:\/\/marper.net\/wp-content\/uploads\/2025\/05\/handshake-4014589_640.png\" \/>\n\t<meta property=\"og:image:width\" content=\"640\" \/>\n\t<meta property=\"og:image:height\" content=\"427\" \/>\n\t<meta property=\"og:image:type\" content=\"image\/png\" \/>\n<meta name=\"twitter:card\" content=\"summary_large_image\" \/>\n<meta name=\"twitter:label1\" content=\"Est. reading time\" \/>\n\t<meta name=\"twitter:data1\" content=\"4 minutes\" \/>\n<script type=\"application\/ld+json\" class=\"yoast-schema-graph\">{\"@context\":\"https:\\\/\\\/schema.org\",\"@graph\":[{\"@type\":\"WebPage\",\"@id\":\"https:\\\/\\\/marper.net\\\/la-empresa\\\/\",\"url\":\"https:\\\/\\\/marper.net\\\/la-empresa\\\/\",\"name\":\"La empresa\",\"isPartOf\":{\"@id\":\"https:\\\/\\\/marper.net\\\/#website\"},\"primaryImageOfPage\":{\"@id\":\"https:\\\/\\\/marper.net\\\/la-empresa\\\/#primaryimage\"},\"image\":{\"@id\":\"https:\\\/\\\/marper.net\\\/la-empresa\\\/#primaryimage\"},\"thumbnailUrl\":\"https:\\\/\\\/marper.net\\\/wp-content\\\/uploads\\\/2025\\\/05\\\/handshake-4014589_640.png\",\"datePublished\":\"2025-05-06T12:35:57+00:00\",\"dateModified\":\"2025-05-11T07:41:58+00:00\",\"description\":\"Marper Resvestimientos en Vegadeo, empresa de construcci\u00f3n, rehabilitacion y reformas de vivienda o instalaciones industriales\",\"breadcrumb\":{\"@id\":\"https:\\\/\\\/marper.net\\\/la-empresa\\\/#breadcrumb\"},\"inLanguage\":\"en-US\",\"potentialAction\":[{\"@type\":\"ReadAction\",\"target\":[\"https:\\\/\\\/marper.net\\\/la-empresa\\\/\"]}]},{\"@type\":\"ImageObject\",\"inLanguage\":\"en-US\",\"@id\":\"https:\\\/\\\/marper.net\\\/la-empresa\\\/#primaryimage\",\"url\":\"https:\\\/\\\/marper.net\\\/wp-content\\\/uploads\\\/2025\\\/05\\\/handshake-4014589_640.png\",\"contentUrl\":\"https:\\\/\\\/marper.net\\\/wp-content\\\/uploads\\\/2025\\\/05\\\/handshake-4014589_640.png\"},{\"@type\":\"BreadcrumbList\",\"@id\":\"https:\\\/\\\/marper.net\\\/la-empresa\\\/#breadcrumb\",\"itemListElement\":[{\"@type\":\"ListItem\",\"position\":1,\"name\":\"Portada\",\"item\":\"https:\\\/\\\/marper.net\\\/\"},{\"@type\":\"ListItem\",\"position\":2,\"name\":\"La empresa\"}]},{\"@type\":\"WebSite\",\"@id\":\"https:\\\/\\\/marper.net\\\/#website\",\"url\":\"https:\\\/\\\/marper.net\\\/\",\"name\":\"Marper Revestimientos SL\",\"description\":\"\",\"publisher\":{\"@id\":\"https:\\\/\\\/marper.net\\\/#organization\"},\"potentialAction\":[{\"@type\":\"SearchAction\",\"target\":{\"@type\":\"EntryPoint\",\"urlTemplate\":\"https:\\\/\\\/marper.net\\\/?s={search_term_string}\"},\"query-input\":{\"@type\":\"PropertyValueSpecification\",\"valueRequired\":true,\"valueName\":\"search_term_string\"}}],\"inLanguage\":\"en-US\"},{\"@type\":\"Organization\",\"@id\":\"https:\\\/\\\/marper.net\\\/#organization\",\"name\":\"Marper Revestimientos SL\",\"url\":\"https:\\\/\\\/marper.net\\\/\",\"logo\":{\"@type\":\"ImageObject\",\"inLanguage\":\"en-US\",\"@id\":\"https:\\\/\\\/marper.net\\\/#\\\/schema\\\/logo\\\/image\\\/\",\"url\":\"https:\\\/\\\/marper.net\\\/wp-content\\\/uploads\\\/2025\\\/05\\\/LOGOMARPER.png\",\"contentUrl\":\"https:\\\/\\\/marper.net\\\/wp-content\\\/uploads\\\/2025\\\/05\\\/LOGOMARPER.png\",\"width\":320,\"height\":196,\"caption\":\"Marper Revestimientos SL\"},\"image\":{\"@id\":\"https:\\\/\\\/marper.net\\\/#\\\/schema\\\/logo\\\/image\\\/\"}}]}<\/script>\n<!-- \/ Yoast SEO plugin. -->","yoast_head_json":{"title":"La empresa","description":"Marper Resvestimientos en Vegadeo, empresa de construcci\u00f3n, rehabilitacion y reformas de vivienda o instalaciones industriales","robots":{"index":"index","follow":"follow","max-snippet":"max-snippet:-1","max-image-preview":"max-image-preview:large","max-video-preview":"max-video-preview:-1"},"canonical":"https:\/\/marper.net\/en\/la-empresa\/","og_locale":"en_US","og_type":"article","og_title":"[:es]La empresa[:] - Marper Revestimientos SL","og_description":"[:es]Marper Resvestimientos en Vegadeo, empresa de construcci\u00f3n, rehabilitacion y reformas de vivienda o instalaciones industriales[:]","og_url":"https:\/\/marper.net\/en\/la-empresa\/","og_site_name":"Marper Revestimientos SL","article_modified_time":"2025-05-11T07:41:58+00:00","og_image":[{"width":640,"height":427,"url":"https:\/\/marper.net\/wp-content\/uploads\/2025\/05\/handshake-4014589_640.png","type":"image\/png"}],"twitter_card":"summary_large_image","twitter_misc":{"Est. reading time":"4 minutes"},"schema":{"@context":"https:\/\/schema.org","@graph":[{"@type":"WebPage","@id":"https:\/\/marper.net\/la-empresa\/","url":"https:\/\/marper.net\/la-empresa\/","name":"La empresa","isPartOf":{"@id":"https:\/\/marper.net\/#website"},"primaryImageOfPage":{"@id":"https:\/\/marper.net\/la-empresa\/#primaryimage"},"image":{"@id":"https:\/\/marper.net\/la-empresa\/#primaryimage"},"thumbnailUrl":"https:\/\/marper.net\/wp-content\/uploads\/2025\/05\/handshake-4014589_640.png","datePublished":"2025-05-06T12:35:57+00:00","dateModified":"2025-05-11T07:41:58+00:00","description":"Marper Resvestimientos en Vegadeo, empresa de construcci\u00f3n, rehabilitacion y reformas de vivienda o instalaciones industriales","breadcrumb":{"@id":"https:\/\/marper.net\/la-empresa\/#breadcrumb"},"inLanguage":"en-US","potentialAction":[{"@type":"ReadAction","target":["https:\/\/marper.net\/la-empresa\/"]}]},{"@type":"ImageObject","inLanguage":"en-US","@id":"https:\/\/marper.net\/la-empresa\/#primaryimage","url":"https:\/\/marper.net\/wp-content\/uploads\/2025\/05\/handshake-4014589_640.png","contentUrl":"https:\/\/marper.net\/wp-content\/uploads\/2025\/05\/handshake-4014589_640.png"},{"@type":"BreadcrumbList","@id":"https:\/\/marper.net\/la-empresa\/#breadcrumb","itemListElement":[{"@type":"ListItem","position":1,"name":"Portada","item":"https:\/\/marper.net\/"},{"@type":"ListItem","position":2,"name":"La empresa"}]},{"@type":"WebSite","@id":"https:\/\/marper.net\/#website","url":"https:\/\/marper.net\/","name":"Marper Revestimientos SL","description":"","publisher":{"@id":"https:\/\/marper.net\/#organization"},"potentialAction":[{"@type":"SearchAction","target":{"@type":"EntryPoint","urlTemplate":"https:\/\/marper.net\/?s={search_term_string}"},"query-input":{"@type":"PropertyValueSpecification","valueRequired":true,"valueName":"search_term_string"}}],"inLanguage":"en-US"},{"@type":"Organization","@id":"https:\/\/marper.net\/#organization","name":"Marper Revestimientos SL","url":"https:\/\/marper.net\/","logo":{"@type":"ImageObject","inLanguage":"en-US","@id":"https:\/\/marper.net\/#\/schema\/logo\/image\/","url":"https:\/\/marper.net\/wp-content\/uploads\/2025\/05\/LOGOMARPER.png","contentUrl":"https:\/\/marper.net\/wp-content\/uploads\/2025\/05\/LOGOMARPER.png","width":320,"height":196,"caption":"Marper Revestimientos SL"},"image":{"@id":"https:\/\/marper.net\/#\/schema\/logo\/image\/"}}]}},"_links":{"self":[{"href":"https:\/\/marper.net\/en\/wp-json\/wp\/v2\/pages\/75","targetHints":{"allow":["GET"]}}],"collection":[{"href":"https:\/\/marper.net\/en\/wp-json\/wp\/v2\/pages"}],"about":[{"href":"https:\/\/marper.net\/en\/wp-json\/wp\/v2\/types\/page"}],"author":[{"embeddable":true,"href":"https:\/\/marper.net\/en\/wp-json\/wp\/v2\/users\/1"}],"replies":[{"embeddable":true,"href":"https:\/\/marper.net\/en\/wp-json\/wp\/v2\/comments?post=75"}],"version-history":[{"count":28,"href":"https:\/\/marper.net\/en\/wp-json\/wp\/v2\/pages\/75\/revisions"}],"predecessor-version":[{"id":272,"href":"https:\/\/marper.net\/en\/wp-json\/wp\/v2\/pages\/75\/revisions\/272"}],"wp:attachment":[{"href":"https:\/\/marper.net\/en\/wp-json\/wp\/v2\/media?parent=75"}],"curies":[{"name":"wp","href":"https:\/\/api.w.org\/{rel}","templated":true}]}}