{"id":204,"date":"2025-05-07T19:48:24","date_gmt":"2025-05-07T19:48:24","guid":{"rendered":"https:\/\/marper.net\/?page_id=204"},"modified":"2025-05-09T07:07:07","modified_gmt":"2025-05-09T07:07:07","slug":"politica-de-cookies","status":"publish","type":"page","link":"https:\/\/marper.net\/en\/politica-de-cookies\/","title":{"rendered":"Politica de Cookies"},"content":{"rendered":"\n<p><\/p>\n\n\n\n<p><\/p>\n\n\n\n<p><strong>Si quieres cambiar tu configuraci\u00f3n actual de cookies, puedes acceder desde <a href=\"#cookiesAndContentPolicySettings\">AQUI<\/a><\/strong><\/p>\n\n\n\n<p><strong>POLITICA DE COOKIES<\/strong><\/p>\n\n\n\n<p>En cumplimiento de la Ley 34\/2002, de 11 de julio, de Servicios de la Sociedad de la Informaci\u00f3n y Comercio Electr\u00f3nico le informamos de que este sitio web, al igual que la mayor\u00eda de los sitios en Internet, usa Cookies para mejorar y optimizar la experiencia del usuario. A continuaci\u00f3n encontrar\u00e1 informaci\u00f3n detallada sobre qu\u00e9 son las \u201cCookies\u201d, qu\u00e9 tipolog\u00eda utiliza este sitio web, c\u00f3mo cambiar la configuraci\u00f3n de sus cookies, y qu\u00e9&nbsp; ocurre si deshabilita las Cookies.<\/p>\n\n\n\n<ul class=\"wp-block-list\">\n<li>\u00bfQu\u00e9 son las Cookies?<\/li>\n<\/ul>\n\n\n\n<p>Una cookie es un peque\u00f1o archivo que se descarga en el equipo del usuario con la finalidad de almacenar datos, los cuales podr\u00e1n ser actualizados y recuperados por la entidad responsable de su instalaci\u00f3n.<\/p>\n\n\n\n<ul class=\"wp-block-list\">\n<li>\u00bfQu\u00e9 tipo de Cookies utiliza esta p\u00e1gina web?<\/li>\n<\/ul>\n\n\n\n<p>A continuaci\u00f3n se muestra una tabla con las <strong>Cookies <\/strong>utilizadas en este sitio web:<\/p>\n\n\n\n<figure class=\"wp-block-table\"><table class=\"has-fixed-layout\"><tbody><tr><td><strong>DOMINIO<\/strong><\/td><td><strong>NOMBRE DE LA COOKIE<\/strong><\/td><td><strong>DESCRIPCION \/ FINALIDAD<\/strong><\/td><td><strong>PROVEEDOR<\/strong><\/td><td><strong>CADUCIDAD<\/strong><\/td><\/tr><tr><td>marper.net<\/td><td>language<\/td><td>Funcionalidad<\/td><td>Propias<\/td><td>30 dias<\/td><\/tr><tr><td><strong>&nbsp;<\/strong><\/td><td><\/td><td>&nbsp;<\/td><td>&nbsp;<\/td><td>&nbsp;<\/td><\/tr><\/tbody><\/table><\/figure>\n\n\n\n<ul class=\"wp-block-list\">\n<li>\u00bfC\u00f3mo puede configurar sus Cookies?<\/li>\n<\/ul>\n\n\n\n<p>Al navegar y continuar en nuestro sitio web estar\u00e1 consintiendo el uso de las Cookies en las condiciones contenidas en la presente Pol\u00edtica de Cookies. Usted como usuario tiene la posibilidad de ejercer su derecho a bloquear, eliminar y rechazar el uso de Cookies, en todo momento, modificando las opciones de su navegador<\/p>\n\n\n\n<p>Por ejemplo:<\/p>\n\n\n\n<p>1. <strong>Internet Explorer<\/strong>: Herramientas > Opciones de Internet > Privacidad > Configuraci\u00f3n.<\/p>\n\n\n\n<p>Para m\u00e1s informaci\u00f3n, puede consultar el soporte de Microsoft o la Ayuda del navegador.<\/p>\n\n\n\n<p>2. <strong>Mozilla Firefox<\/strong>: Herramientas > Opciones > Privacidad > Historial > Configuraci\u00f3n Personalizada.<\/p>\n\n\n\n<p>Para m\u00e1s informaci\u00f3n, puede consultar el soporte de Mozilla o la Ayuda del navegador.<\/p>\n\n\n\n<p>3. <strong>Google Chrome<\/strong>: Configuraci\u00f3n > Mostrar opciones avanzadas > Privacidad -> Configuraci\u00f3n de contenido.<\/p>\n\n\n\n<p>Para m\u00e1s informaci\u00f3n, puede consultar el soporte de Google o la Ayuda del navegador.<\/p>\n\n\n\n<p>4. <strong>Safari<\/strong>: Preferencias > Seguridad.<\/p>\n\n\n\n<p>Para m\u00e1s informaci\u00f3n, puede consultar el soporte de Apple o la Ayuda del navegador.<\/p>\n\n\n\n<p>5. <strong>Opera<\/strong>: Configuraci\u00f3n > Opciones > Avanzado > Cookies<\/p>\n\n\n\n<p>Para m\u00e1s informaci\u00f3n, puede consultar el soporte de Opera o la Ayuda del navegador.<\/p>\n\n\n\n<p>Si usa otro navegador distinto a los anteriores, consulte su pol\u00edtica de instalaci\u00f3n, uso y bloqueo de cookies.<\/p>\n\n\n\n<ul class=\"wp-block-list\">\n<li>\u00bfQu\u00e9 ocurre si se deshabilitan las Cookies?<\/li>\n<\/ul>\n\n\n\n<p>Algunas funcionalidades de los Servicios o \u00e1reas de este sitio web podr\u00edan no funcionar correctamente.<\/p>\n\n\n\n<ul class=\"wp-block-list\">\n<li>\u00bfActualizamos nuestra pol\u00edtica de Cookies?<\/li>\n<\/ul>\n\n\n\n<p>Es posible que actualicemos la pol\u00edtica de Cookies de nuestra p\u00e1gina web, por ello, le recomendamos revisar esta pol\u00edtica cada vez que acceda a nuestro sitio web con el objetivo de estar adecuadamente informado sobre c\u00f3mo y para que usamos las Cookies.<\/p>\n\n\n\n<p>Fecha de la ultima modificaci\u00f3n: 06-05-2025<\/p>\n\n\n\n<figure class=\"wp-block-image size-full\"><img fetchpriority=\"high\" decoding=\"async\" width=\"1024\" height=\"119\" src=\"https:\/\/marper.net\/wp-content\/uploads\/2025\/05\/Logo-publicidad-1024x119-1.png\" alt=\"logo publicidad\" class=\"wp-image-183\" srcset=\"https:\/\/marper.net\/wp-content\/uploads\/2025\/05\/Logo-publicidad-1024x119-1.png 1024w, https:\/\/marper.net\/wp-content\/uploads\/2025\/05\/Logo-publicidad-1024x119-1-300x35.png 300w, https:\/\/marper.net\/wp-content\/uploads\/2025\/05\/Logo-publicidad-1024x119-1-768x89.png 768w\" sizes=\"(max-width: 1024px) 100vw, 1024px\" \/><\/figure>\n","protected":false},"excerpt":{"rendered":"<p>Si quieres cambiar tu configuraci\u00f3n actual de cookies, puedes acceder desde AQUI POLITICA DE COOKIES En cumplimiento de la Ley 34\/2002, de 11 de julio, de Servicios de la Sociedad de la Informaci\u00f3n y Comercio Electr\u00f3nico le informamos de que este sitio web, al igual que la mayor\u00eda de los sitios en Internet, usa Cookies [&hellip;]<\/p>\n","protected":false},"author":1,"featured_media":0,"parent":0,"menu_order":0,"comment_status":"closed","ping_status":"closed","template":"","meta":{"footnotes":""},"class_list":["post-204","page","type-page","status-publish","hentry"],"yoast_head":"<!-- This site is optimized with the Yoast SEO plugin v27.3 - https:\/\/yoast.com\/product\/yoast-seo-wordpress\/ -->\n<title>Politica de Cookies<\/title>\n<meta name=\"robots\" content=\"index, follow, max-snippet:-1, max-image-preview:large, max-video-preview:-1\" \/>\n<link rel=\"canonical\" href=\"https:\/\/marper.net\/en\/politica-de-cookies\/\" \/>\n<meta property=\"og:locale\" content=\"en_US\" \/>\n<meta property=\"og:locale:alternate\" content=\"es_ES\" \/>\n<meta property=\"og:type\" content=\"article\" \/>\n<meta property=\"og:title\" content=\"Politica de Cookies\" \/>\n<meta property=\"og:description\" content=\"Si quieres cambiar tu configuraci\u00f3n actual de cookies, puedes acceder desde AQUI POLITICA DE COOKIES En cumplimiento de la Ley 34\/2002, de 11 de julio, de Servicios de la Sociedad de la Informaci\u00f3n y Comercio Electr\u00f3nico le informamos de que este sitio web, al igual que la mayor\u00eda de los sitios en Internet, usa Cookies [&hellip;]\" \/>\n<meta property=\"og:url\" content=\"https:\/\/marper.net\/en\/politica-de-cookies\/\" \/>\n<meta property=\"og:site_name\" content=\"Marper Revestimientos SL\" \/>\n<meta property=\"article:modified_time\" content=\"2025-05-09T07:07:07+00:00\" \/>\n<meta property=\"og:image\" content=\"https:\/\/marper.net\/wp-content\/uploads\/2025\/05\/Logo-publicidad-1024x119-1.png\" \/>\n\t<meta property=\"og:image:width\" content=\"1024\" \/>\n\t<meta property=\"og:image:height\" content=\"119\" \/>\n\t<meta property=\"og:image:type\" content=\"image\/png\" \/>\n<meta name=\"twitter:card\" content=\"summary_large_image\" \/>\n<meta name=\"twitter:label1\" content=\"Est. reading time\" \/>\n\t<meta name=\"twitter:data1\" content=\"3 minutes\" \/>\n<script type=\"application\/ld+json\" class=\"yoast-schema-graph\">{\"@context\":\"https:\\\/\\\/schema.org\",\"@graph\":[{\"@type\":\"WebPage\",\"@id\":\"https:\\\/\\\/marper.net\\\/politica-de-cookies\\\/\",\"url\":\"https:\\\/\\\/marper.net\\\/politica-de-cookies\\\/\",\"name\":\"Politica de Cookies\",\"isPartOf\":{\"@id\":\"https:\\\/\\\/marper.net\\\/#website\"},\"primaryImageOfPage\":{\"@id\":\"https:\\\/\\\/marper.net\\\/politica-de-cookies\\\/#primaryimage\"},\"image\":{\"@id\":\"https:\\\/\\\/marper.net\\\/politica-de-cookies\\\/#primaryimage\"},\"thumbnailUrl\":\"https:\\\/\\\/marper.net\\\/wp-content\\\/uploads\\\/2025\\\/05\\\/Logo-publicidad-1024x119-1.png\",\"datePublished\":\"2025-05-07T19:48:24+00:00\",\"dateModified\":\"2025-05-09T07:07:07+00:00\",\"breadcrumb\":{\"@id\":\"https:\\\/\\\/marper.net\\\/politica-de-cookies\\\/#breadcrumb\"},\"inLanguage\":\"en-US\",\"potentialAction\":[{\"@type\":\"ReadAction\",\"target\":[\"https:\\\/\\\/marper.net\\\/politica-de-cookies\\\/\"]}]},{\"@type\":\"ImageObject\",\"inLanguage\":\"en-US\",\"@id\":\"https:\\\/\\\/marper.net\\\/politica-de-cookies\\\/#primaryimage\",\"url\":\"https:\\\/\\\/marper.net\\\/wp-content\\\/uploads\\\/2025\\\/05\\\/Logo-publicidad-1024x119-1.png\",\"contentUrl\":\"https:\\\/\\\/marper.net\\\/wp-content\\\/uploads\\\/2025\\\/05\\\/Logo-publicidad-1024x119-1.png\"},{\"@type\":\"BreadcrumbList\",\"@id\":\"https:\\\/\\\/marper.net\\\/politica-de-cookies\\\/#breadcrumb\",\"itemListElement\":[{\"@type\":\"ListItem\",\"position\":1,\"name\":\"Portada\",\"item\":\"https:\\\/\\\/marper.net\\\/\"},{\"@type\":\"ListItem\",\"position\":2,\"name\":\"Politica de Cookies\"}]},{\"@type\":\"WebSite\",\"@id\":\"https:\\\/\\\/marper.net\\\/#website\",\"url\":\"https:\\\/\\\/marper.net\\\/\",\"name\":\"Marper Revestimientos SL\",\"description\":\"\",\"publisher\":{\"@id\":\"https:\\\/\\\/marper.net\\\/#organization\"},\"potentialAction\":[{\"@type\":\"SearchAction\",\"target\":{\"@type\":\"EntryPoint\",\"urlTemplate\":\"https:\\\/\\\/marper.net\\\/?s={search_term_string}\"},\"query-input\":{\"@type\":\"PropertyValueSpecification\",\"valueRequired\":true,\"valueName\":\"search_term_string\"}}],\"inLanguage\":\"en-US\"},{\"@type\":\"Organization\",\"@id\":\"https:\\\/\\\/marper.net\\\/#organization\",\"name\":\"Marper Revestimientos SL\",\"url\":\"https:\\\/\\\/marper.net\\\/\",\"logo\":{\"@type\":\"ImageObject\",\"inLanguage\":\"en-US\",\"@id\":\"https:\\\/\\\/marper.net\\\/#\\\/schema\\\/logo\\\/image\\\/\",\"url\":\"https:\\\/\\\/marper.net\\\/wp-content\\\/uploads\\\/2025\\\/05\\\/LOGOMARPER.png\",\"contentUrl\":\"https:\\\/\\\/marper.net\\\/wp-content\\\/uploads\\\/2025\\\/05\\\/LOGOMARPER.png\",\"width\":320,\"height\":196,\"caption\":\"Marper Revestimientos SL\"},\"image\":{\"@id\":\"https:\\\/\\\/marper.net\\\/#\\\/schema\\\/logo\\\/image\\\/\"}}]}<\/script>\n<!-- \/ Yoast SEO plugin. -->","yoast_head_json":{"title":"Politica de Cookies","robots":{"index":"index","follow":"follow","max-snippet":"max-snippet:-1","max-image-preview":"max-image-preview:large","max-video-preview":"max-video-preview:-1"},"canonical":"https:\/\/marper.net\/en\/politica-de-cookies\/","og_locale":"en_US","og_type":"article","og_title":"[:es]Politica de Cookies[:] - Marper Revestimientos SL","og_description":"Si quieres cambiar tu configuraci\u00f3n actual de cookies, puedes acceder desde AQUI POLITICA DE COOKIES En cumplimiento de la Ley 34\/2002, de 11 de julio, de Servicios de la Sociedad de la Informaci\u00f3n y Comercio Electr\u00f3nico le informamos de que este sitio web, al igual que la mayor\u00eda de los sitios en Internet, usa Cookies [&hellip;]","og_url":"https:\/\/marper.net\/en\/politica-de-cookies\/","og_site_name":"Marper Revestimientos SL","article_modified_time":"2025-05-09T07:07:07+00:00","og_image":[{"width":1024,"height":119,"url":"https:\/\/marper.net\/wp-content\/uploads\/2025\/05\/Logo-publicidad-1024x119-1.png","type":"image\/png"}],"twitter_card":"summary_large_image","twitter_misc":{"Est. reading time":"3 minutes"},"schema":{"@context":"https:\/\/schema.org","@graph":[{"@type":"WebPage","@id":"https:\/\/marper.net\/politica-de-cookies\/","url":"https:\/\/marper.net\/politica-de-cookies\/","name":"Politica de Cookies","isPartOf":{"@id":"https:\/\/marper.net\/#website"},"primaryImageOfPage":{"@id":"https:\/\/marper.net\/politica-de-cookies\/#primaryimage"},"image":{"@id":"https:\/\/marper.net\/politica-de-cookies\/#primaryimage"},"thumbnailUrl":"https:\/\/marper.net\/wp-content\/uploads\/2025\/05\/Logo-publicidad-1024x119-1.png","datePublished":"2025-05-07T19:48:24+00:00","dateModified":"2025-05-09T07:07:07+00:00","breadcrumb":{"@id":"https:\/\/marper.net\/politica-de-cookies\/#breadcrumb"},"inLanguage":"en-US","potentialAction":[{"@type":"ReadAction","target":["https:\/\/marper.net\/politica-de-cookies\/"]}]},{"@type":"ImageObject","inLanguage":"en-US","@id":"https:\/\/marper.net\/politica-de-cookies\/#primaryimage","url":"https:\/\/marper.net\/wp-content\/uploads\/2025\/05\/Logo-publicidad-1024x119-1.png","contentUrl":"https:\/\/marper.net\/wp-content\/uploads\/2025\/05\/Logo-publicidad-1024x119-1.png"},{"@type":"BreadcrumbList","@id":"https:\/\/marper.net\/politica-de-cookies\/#breadcrumb","itemListElement":[{"@type":"ListItem","position":1,"name":"Portada","item":"https:\/\/marper.net\/"},{"@type":"ListItem","position":2,"name":"Politica de Cookies"}]},{"@type":"WebSite","@id":"https:\/\/marper.net\/#website","url":"https:\/\/marper.net\/","name":"Marper Revestimientos SL","description":"","publisher":{"@id":"https:\/\/marper.net\/#organization"},"potentialAction":[{"@type":"SearchAction","target":{"@type":"EntryPoint","urlTemplate":"https:\/\/marper.net\/?s={search_term_string}"},"query-input":{"@type":"PropertyValueSpecification","valueRequired":true,"valueName":"search_term_string"}}],"inLanguage":"en-US"},{"@type":"Organization","@id":"https:\/\/marper.net\/#organization","name":"Marper Revestimientos SL","url":"https:\/\/marper.net\/","logo":{"@type":"ImageObject","inLanguage":"en-US","@id":"https:\/\/marper.net\/#\/schema\/logo\/image\/","url":"https:\/\/marper.net\/wp-content\/uploads\/2025\/05\/LOGOMARPER.png","contentUrl":"https:\/\/marper.net\/wp-content\/uploads\/2025\/05\/LOGOMARPER.png","width":320,"height":196,"caption":"Marper Revestimientos SL"},"image":{"@id":"https:\/\/marper.net\/#\/schema\/logo\/image\/"}}]}},"_links":{"self":[{"href":"https:\/\/marper.net\/en\/wp-json\/wp\/v2\/pages\/204","targetHints":{"allow":["GET"]}}],"collection":[{"href":"https:\/\/marper.net\/en\/wp-json\/wp\/v2\/pages"}],"about":[{"href":"https:\/\/marper.net\/en\/wp-json\/wp\/v2\/types\/page"}],"author":[{"embeddable":true,"href":"https:\/\/marper.net\/en\/wp-json\/wp\/v2\/users\/1"}],"replies":[{"embeddable":true,"href":"https:\/\/marper.net\/en\/wp-json\/wp\/v2\/comments?post=204"}],"version-history":[{"count":2,"href":"https:\/\/marper.net\/en\/wp-json\/wp\/v2\/pages\/204\/revisions"}],"predecessor-version":[{"id":209,"href":"https:\/\/marper.net\/en\/wp-json\/wp\/v2\/pages\/204\/revisions\/209"}],"wp:attachment":[{"href":"https:\/\/marper.net\/en\/wp-json\/wp\/v2\/media?parent=204"}],"curies":[{"name":"wp","href":"https:\/\/api.w.org\/{rel}","templated":true}]}}