{"id":15,"date":"2025-05-05T16:20:28","date_gmt":"2025-05-05T16:20:28","guid":{"rendered":"https:\/\/marper.net\/?page_id=15"},"modified":"2025-05-11T07:17:55","modified_gmt":"2025-05-11T07:17:55","slug":"inicio","status":"publish","type":"page","link":"https:\/\/marper.net\/en\/","title":{"rendered":"Inicio"},"content":{"rendered":"\t\t<div data-elementor-type=\"wp-page\" data-elementor-id=\"15\" class=\"elementor elementor-15\">\n\t\t\t\t<header class=\"elementor-element elementor-element-f969ec7 e-con-full e-flex e-con e-parent\" data-id=\"f969ec7\" data-element_type=\"container\" data-e-type=\"container\">\n\t\t<div class=\"elementor-element elementor-element-319cd9bb e-con-full e-flex e-con e-child\" data-id=\"319cd9bb\" data-element_type=\"container\" data-e-type=\"container\">\n\t\t\t\t<div class=\"elementor-element elementor-element-62d0f70 elementor-widget elementor-widget-image\" data-id=\"62d0f70\" data-element_type=\"widget\" data-e-type=\"widget\" data-widget_type=\"image.default\">\n\t\t\t\t<div class=\"elementor-widget-container\">\n\t\t\t\t\t\t\t\t\t\t\t\t\t\t\t<img fetchpriority=\"high\" decoding=\"async\" width=\"2560\" height=\"2048\" src=\"https:\/\/marper.net\/wp-content\/uploads\/2025\/05\/marper_header2-scaled.jpg\" class=\"attachment-full size-full wp-image-22\" alt=\"fachada\" srcset=\"https:\/\/marper.net\/wp-content\/uploads\/2025\/05\/marper_header2-scaled.jpg 2560w, https:\/\/marper.net\/wp-content\/uploads\/2025\/05\/marper_header2-300x240.jpg 300w, https:\/\/marper.net\/wp-content\/uploads\/2025\/05\/marper_header2-1024x819.jpg 1024w, https:\/\/marper.net\/wp-content\/uploads\/2025\/05\/marper_header2-768x614.jpg 768w, https:\/\/marper.net\/wp-content\/uploads\/2025\/05\/marper_header2-1536x1229.jpg 1536w, https:\/\/marper.net\/wp-content\/uploads\/2025\/05\/marper_header2-2048x1638.jpg 2048w\" sizes=\"(max-width: 2560px) 100vw, 2560px\" \/>\t\t\t\t\t\t\t\t\t\t\t\t\t\t\t<\/div>\n\t\t\t\t<\/div>\n\t\t\t\t<\/div>\n\t\t<div class=\"elementor-element elementor-element-2234b38f e-con-full e-flex e-con e-child\" data-id=\"2234b38f\" data-element_type=\"container\" data-e-type=\"container\">\n\t\t\t\t<div class=\"elementor-element elementor-element-9c20cbb elementor-widget elementor-widget-text-editor\" data-id=\"9c20cbb\" data-element_type=\"widget\" data-e-type=\"widget\" data-widget_type=\"text-editor.default\">\n\t\t\t\t<div class=\"elementor-widget-container\">\n\t\t\t\t\t\t\t\t\t<p><strong>Revestimientos Marper SL<\/strong><\/p><p>Avda. Galicia, 45<\/p><p>Vegadeo<\/p><p>Asturias<\/p><p><a href=\"tel:679972712\">Tlf: 679972712<\/a><\/p>\t\t\t\t\t\t\t\t<\/div>\n\t\t\t\t<\/div>\n\t\t\t\t<\/div>\n\t\t\t\t<\/header>\n\t\t<div class=\"elementor-element elementor-element-56ec01e3 e-con-full e-flex e-con e-parent\" data-id=\"56ec01e3\" data-element_type=\"container\" data-e-type=\"container\" data-settings=\"{&quot;background_background&quot;:&quot;classic&quot;}\">\n\t\t<div class=\"elementor-element elementor-element-424d2e26 e-con-full e-flex e-con e-child\" data-id=\"424d2e26\" data-element_type=\"container\" data-e-type=\"container\">\n\t\t\t\t<div class=\"elementor-element elementor-element-33a74e43 elementor-widget elementor-widget-heading\" data-id=\"33a74e43\" data-element_type=\"widget\" data-e-type=\"widget\" data-widget_type=\"heading.default\">\n\t\t\t\t<div class=\"elementor-widget-container\">\n\t\t\t\t\t<h1 class=\"elementor-heading-title elementor-size-default\">Construcci\u00f3n en Asturias y Lugo<\/h1>\t\t\t\t<\/div>\n\t\t\t\t<\/div>\n\t\t\t\t<div class=\"elementor-element elementor-element-35a6d3d3 elementor-widget elementor-widget-text-editor\" data-id=\"35a6d3d3\" data-element_type=\"widget\" data-e-type=\"widget\" data-widget_type=\"text-editor.default\">\n\t\t\t\t<div class=\"elementor-widget-container\">\n\t\t\t\t\t\t\t\t\t<p>Vivienda nueva, reformas, rehabilitaci\u00f3n, &#8230;. consultanos y te informamos<\/p>\t\t\t\t\t\t\t\t<\/div>\n\t\t\t\t<\/div>\n\t\t\t\t<div class=\"elementor-element elementor-element-3c7740f0 elementor-mobile-align-center elementor-widget elementor-widget-button\" data-id=\"3c7740f0\" data-element_type=\"widget\" data-e-type=\"widget\" data-widget_type=\"button.default\">\n\t\t\t\t<div class=\"elementor-widget-container\">\n\t\t\t\t\t\t\t\t\t<div class=\"elementor-button-wrapper\">\n\t\t\t\t\t<a class=\"elementor-button elementor-button-link elementor-size-sm\" href=\"https:\/\/marper.net\/contacto\/\">\n\t\t\t\t\t\t<span class=\"elementor-button-content-wrapper\">\n\t\t\t\t\t\t\t\t\t<span class=\"elementor-button-text\">Contactanos<\/span>\n\t\t\t\t\t<\/span>\n\t\t\t\t\t<\/a>\n\t\t\t\t<\/div>\n\t\t\t\t\t\t\t\t<\/div>\n\t\t\t\t<\/div>\n\t\t\t\t<\/div>\n\t\t<div class=\"elementor-element elementor-element-ca43282 e-con-full e-flex e-con e-child\" data-id=\"ca43282\" data-element_type=\"container\" data-e-type=\"container\">\n\t\t\t\t<div class=\"elementor-element elementor-element-5c2720e elementor-widget elementor-widget-image\" data-id=\"5c2720e\" data-element_type=\"widget\" data-e-type=\"widget\" data-widget_type=\"image.default\">\n\t\t\t\t<div class=\"elementor-widget-container\">\n\t\t\t\t\t\t\t\t\t\t\t\t\t\t\t<img decoding=\"async\" width=\"800\" height=\"600\" src=\"https:\/\/marper.net\/wp-content\/uploads\/2025\/05\/1000050607-1024x768.jpg\" class=\"attachment-large size-large wp-image-242\" alt=\"vivienda\" srcset=\"https:\/\/marper.net\/wp-content\/uploads\/2025\/05\/1000050607-1024x768.jpg 1024w, https:\/\/marper.net\/wp-content\/uploads\/2025\/05\/1000050607-300x225.jpg 300w, https:\/\/marper.net\/wp-content\/uploads\/2025\/05\/1000050607-768x576.jpg 768w, https:\/\/marper.net\/wp-content\/uploads\/2025\/05\/1000050607-1536x1152.jpg 1536w, https:\/\/marper.net\/wp-content\/uploads\/2025\/05\/1000050607.jpg 1600w\" sizes=\"(max-width: 800px) 100vw, 800px\" \/>\t\t\t\t\t\t\t\t\t\t\t\t\t\t\t<\/div>\n\t\t\t\t<\/div>\n\t\t\t\t<\/div>\n\t\t\t\t<\/div>\n\t\t<div class=\"elementor-element elementor-element-66ea0bc1 e-flex e-con-boxed e-con e-parent\" data-id=\"66ea0bc1\" data-element_type=\"container\" data-e-type=\"container\">\n\t\t\t\t\t<div class=\"e-con-inner\">\n\t\t<div class=\"elementor-element elementor-element-7b997056 e-con-full e-flex e-con e-child\" data-id=\"7b997056\" data-element_type=\"container\" data-e-type=\"container\">\n\t\t<div class=\"elementor-element elementor-element-6e3eba2e e-con-full e-flex e-con e-child\" data-id=\"6e3eba2e\" data-element_type=\"container\" data-e-type=\"container\">\n\t\t\t\t<div class=\"elementor-element elementor-element-56312c5f elementor-widget elementor-widget-image\" data-id=\"56312c5f\" data-element_type=\"widget\" data-e-type=\"widget\" data-widget_type=\"image.default\">\n\t\t\t\t<div class=\"elementor-widget-container\">\n\t\t\t\t\t\t\t\t\t\t\t\t\t\t\t<img decoding=\"async\" width=\"640\" height=\"427\" src=\"https:\/\/marper.net\/wp-content\/uploads\/2025\/05\/construction-4754310_640.jpg\" class=\"attachment-large size-large wp-image-58\" alt=\"trabajador\" srcset=\"https:\/\/marper.net\/wp-content\/uploads\/2025\/05\/construction-4754310_640.jpg 640w, https:\/\/marper.net\/wp-content\/uploads\/2025\/05\/construction-4754310_640-300x200.jpg 300w\" sizes=\"(max-width: 640px) 100vw, 640px\" \/>\t\t\t\t\t\t\t\t\t\t\t\t\t\t\t<\/div>\n\t\t\t\t<\/div>\n\t\t\t\t<div class=\"elementor-element elementor-element-287e7b3 elementor-widget elementor-widget-image\" data-id=\"287e7b3\" data-element_type=\"widget\" data-e-type=\"widget\" data-widget_type=\"image.default\">\n\t\t\t\t<div class=\"elementor-widget-container\">\n\t\t\t\t\t\t\t\t\t\t\t\t\t\t\t<img loading=\"lazy\" decoding=\"async\" width=\"640\" height=\"413\" src=\"https:\/\/marper.net\/wp-content\/uploads\/2025\/05\/construction-site-7237492_640.jpg\" class=\"attachment-large size-large wp-image-48\" alt=\"operarios obra\" srcset=\"https:\/\/marper.net\/wp-content\/uploads\/2025\/05\/construction-site-7237492_640.jpg 640w, https:\/\/marper.net\/wp-content\/uploads\/2025\/05\/construction-site-7237492_640-300x194.jpg 300w\" sizes=\"(max-width: 640px) 100vw, 640px\" \/>\t\t\t\t\t\t\t\t\t\t\t\t\t\t\t<\/div>\n\t\t\t\t<\/div>\n\t\t\t\t<\/div>\n\t\t<div class=\"elementor-element elementor-element-64ce63da e-con-full e-flex e-con e-child\" data-id=\"64ce63da\" data-element_type=\"container\" data-e-type=\"container\">\n\t\t\t\t<div class=\"elementor-element elementor-element-e489d33 elementor-widget elementor-widget-image\" data-id=\"e489d33\" data-element_type=\"widget\" data-e-type=\"widget\" data-widget_type=\"image.default\">\n\t\t\t\t<div class=\"elementor-widget-container\">\n\t\t\t\t\t\t\t\t\t\t\t\t\t\t\t<img loading=\"lazy\" decoding=\"async\" width=\"800\" height=\"514\" src=\"https:\/\/marper.net\/wp-content\/uploads\/2025\/05\/roof-truss-3339206_1280-1024x658.jpg\" class=\"attachment-large size-large wp-image-46\" alt=\"estructura tejado\" srcset=\"https:\/\/marper.net\/wp-content\/uploads\/2025\/05\/roof-truss-3339206_1280-1024x658.jpg 1024w, https:\/\/marper.net\/wp-content\/uploads\/2025\/05\/roof-truss-3339206_1280-300x193.jpg 300w, https:\/\/marper.net\/wp-content\/uploads\/2025\/05\/roof-truss-3339206_1280-768x494.jpg 768w, https:\/\/marper.net\/wp-content\/uploads\/2025\/05\/roof-truss-3339206_1280.jpg 1280w\" sizes=\"(max-width: 800px) 100vw, 800px\" \/>\t\t\t\t\t\t\t\t\t\t\t\t\t\t\t<\/div>\n\t\t\t\t<\/div>\n\t\t\t\t<div class=\"elementor-element elementor-element-370dc284 elementor-widget elementor-widget-image\" data-id=\"370dc284\" data-element_type=\"widget\" data-e-type=\"widget\" data-widget_type=\"image.default\">\n\t\t\t\t<div class=\"elementor-widget-container\">\n\t\t\t\t\t\t\t\t\t\t\t\t\t\t\t<img loading=\"lazy\" decoding=\"async\" width=\"640\" height=\"435\" src=\"https:\/\/marper.net\/wp-content\/uploads\/2025\/05\/tiler-2554768_640-1.jpg\" class=\"attachment-large size-large wp-image-56\" alt=\"trabajador\" srcset=\"https:\/\/marper.net\/wp-content\/uploads\/2025\/05\/tiler-2554768_640-1.jpg 640w, https:\/\/marper.net\/wp-content\/uploads\/2025\/05\/tiler-2554768_640-1-300x204.jpg 300w\" sizes=\"(max-width: 640px) 100vw, 640px\" \/>\t\t\t\t\t\t\t\t\t\t\t\t\t\t\t<\/div>\n\t\t\t\t<\/div>\n\t\t\t\t<\/div>\n\t\t\t\t<\/div>\n\t\t<div class=\"elementor-element elementor-element-352c301f e-con-full e-flex e-con e-child\" data-id=\"352c301f\" data-element_type=\"container\" data-e-type=\"container\">\n\t\t\t\t<div class=\"elementor-element elementor-element-29b7be9e elementor-widget elementor-widget-heading\" data-id=\"29b7be9e\" data-element_type=\"widget\" data-e-type=\"widget\" data-widget_type=\"heading.default\">\n\t\t\t\t<div class=\"elementor-widget-container\">\n\t\t\t\t\t<h3 class=\"elementor-heading-title elementor-size-default\">Sobre nosotros<\/h3>\t\t\t\t<\/div>\n\t\t\t\t<\/div>\n\t\t\t\t<div class=\"elementor-element elementor-element-7aa89e80 elementor-widget elementor-widget-text-editor\" data-id=\"7aa89e80\" data-element_type=\"widget\" data-e-type=\"widget\" data-widget_type=\"text-editor.default\">\n\t\t\t\t<div class=\"elementor-widget-container\">\n\t\t\t\t\t\t\t\t\t<p>Somos una empresa dedicada a la construcci\u00f3n, comprometida con la calidad, la eficiencia y la satisfacci\u00f3n de nuestros clientes. Con un equipo de profesionales experimentados, ofrecemos soluciones adaptadas a las necesidades de cada proyecto.<\/p>\t\t\t\t\t\t\t\t<\/div>\n\t\t\t\t<\/div>\n\t\t\t\t<div class=\"elementor-element elementor-element-7be854da elementor-mobile-align-center elementor-invisible elementor-widget elementor-widget-button\" data-id=\"7be854da\" data-element_type=\"widget\" data-e-type=\"widget\" data-settings=\"{&quot;_animation&quot;:&quot;fadeInDown&quot;}\" data-widget_type=\"button.default\">\n\t\t\t\t<div class=\"elementor-widget-container\">\n\t\t\t\t\t\t\t\t\t<div class=\"elementor-button-wrapper\">\n\t\t\t\t\t<a class=\"elementor-button elementor-button-link elementor-size-sm\" href=\"https:\/\/marper.net\/la-empresa\/\">\n\t\t\t\t\t\t<span class=\"elementor-button-content-wrapper\">\n\t\t\t\t\t\t\t\t\t<span class=\"elementor-button-text\">Ver mas...<\/span>\n\t\t\t\t\t<\/span>\n\t\t\t\t\t<\/a>\n\t\t\t\t<\/div>\n\t\t\t\t\t\t\t\t<\/div>\n\t\t\t\t<\/div>\n\t\t\t\t<\/div>\n\t\t\t\t\t<\/div>\n\t\t\t\t<\/div>\n\t\t<div class=\"elementor-element elementor-element-25f9c7a3 e-con-full e-flex e-con e-parent\" data-id=\"25f9c7a3\" data-element_type=\"container\" data-e-type=\"container\" id=\"next\">\n\t\t\t\t<div class=\"elementor-element elementor-element-5e00a401 elementor-widget elementor-widget-heading\" data-id=\"5e00a401\" data-element_type=\"widget\" data-e-type=\"widget\" data-widget_type=\"heading.default\">\n\t\t\t\t<div class=\"elementor-widget-container\">\n\t\t\t\t\t<h3 class=\"elementor-heading-title elementor-size-default\">Nuestros servicios<\/h3>\t\t\t\t<\/div>\n\t\t\t\t<\/div>\n\t\t<div class=\"elementor-element elementor-element-723356fc e-con-full e-flex e-con e-child\" data-id=\"723356fc\" data-element_type=\"container\" data-e-type=\"container\">\n\t\t<div class=\"elementor-element elementor-element-195bc5e3 e-con-full e-flex e-con e-child\" data-id=\"195bc5e3\" data-element_type=\"container\" data-e-type=\"container\">\n\t\t\t\t<div class=\"elementor-element elementor-element-50bf3b7d elementor-position-top elementor-widget elementor-widget-image-box\" data-id=\"50bf3b7d\" data-element_type=\"widget\" data-e-type=\"widget\" data-widget_type=\"image-box.default\">\n\t\t\t\t<div class=\"elementor-widget-container\">\n\t\t\t\t\t<div class=\"elementor-image-box-wrapper\"><figure class=\"elementor-image-box-img\"><a href=\"https:\/\/marper.net\/obras-realizadas\/\" tabindex=\"-1\"><img decoding=\"async\" src=\"https:\/\/marper.net\/wp-content\/uploads\/elementor\/thumbs\/1000050606-r5n3qutncwf4dopyicrtj1w61wadszesu7jz7zchjo.jpg\" title=\"1000050606\" alt=\"vivienda\" class=\"elementor-animation-grow\" loading=\"lazy\" \/><\/a><\/figure><div class=\"elementor-image-box-content\"><h4 class=\"elementor-image-box-title\"><a href=\"https:\/\/marper.net\/obras-realizadas\/\">Obra nueva<\/a><\/h4><p class=\"elementor-image-box-description\">Obra nueva, residencial, industrial, ...<\/p><\/div><\/div>\t\t\t\t<\/div>\n\t\t\t\t<\/div>\n\t\t\t\t<\/div>\n\t\t<div class=\"elementor-element elementor-element-40596a6b e-con-full e-flex e-con e-child\" data-id=\"40596a6b\" data-element_type=\"container\" data-e-type=\"container\">\n\t\t\t\t<div class=\"elementor-element elementor-element-7d97327b elementor-position-top elementor-widget elementor-widget-image-box\" data-id=\"7d97327b\" data-element_type=\"widget\" data-e-type=\"widget\" data-widget_type=\"image-box.default\">\n\t\t\t\t<div class=\"elementor-widget-container\">\n\t\t\t\t\t<div class=\"elementor-image-box-wrapper\"><figure class=\"elementor-image-box-img\"><a href=\"https:\/\/marper.net\/obras-realizadas\/\" tabindex=\"-1\"><img decoding=\"async\" src=\"https:\/\/marper.net\/wp-content\/uploads\/elementor\/thumbs\/EMILIOCOTARELO3-r5g87w4qzvzdf6e5a1i357beazal3ui41190olpz2s.jpg\" title=\"EMILIOCOTARELO3\" alt=\"fachada en obras\" class=\"elementor-animation-grow\" loading=\"lazy\" \/><\/a><\/figure><div class=\"elementor-image-box-content\"><h4 class=\"elementor-image-box-title\"><a href=\"https:\/\/marper.net\/obras-realizadas\/\">Rehabilitaci\u00f3n<\/a><\/h4><p class=\"elementor-image-box-description\">Reforma y rehabilitaci\u00f3n de viviendas o edificios<\/p><\/div><\/div>\t\t\t\t<\/div>\n\t\t\t\t<\/div>\n\t\t\t\t<\/div>\n\t\t<div class=\"elementor-element elementor-element-77c37613 e-con-full e-flex e-con e-child\" data-id=\"77c37613\" data-element_type=\"container\" data-e-type=\"container\">\n\t\t\t\t<div class=\"elementor-element elementor-element-2cf56e8 elementor-position-top elementor-widget elementor-widget-image-box\" data-id=\"2cf56e8\" data-element_type=\"widget\" data-e-type=\"widget\" data-widget_type=\"image-box.default\">\n\t\t\t\t<div class=\"elementor-widget-container\">\n\t\t\t\t\t<div class=\"elementor-image-box-wrapper\"><figure class=\"elementor-image-box-img\"><a href=\"https:\/\/marper.net\/obras-realizadas\/\" tabindex=\"-1\"><img decoding=\"async\" src=\"https:\/\/marper.net\/wp-content\/uploads\/elementor\/thumbs\/ladrillos-scaled-r5f3w3gp6ukzd57hqzt8i24g3d0hdjz03b5tc4bbh0.jpg\" title=\"ladrillos\" alt=\"ladrillos\" class=\"elementor-animation-grow\" loading=\"lazy\" \/><\/a><\/figure><div class=\"elementor-image-box-content\"><h4 class=\"elementor-image-box-title\"><a href=\"https:\/\/marper.net\/obras-realizadas\/\">Asesoramiento en materiales y acabados<\/a><\/h4><p class=\"elementor-image-box-description\">Te asesoramos sobre las posibilidades que mejor se adaptan a tu idea y presupuesto<\/p><\/div><\/div>\t\t\t\t<\/div>\n\t\t\t\t<\/div>\n\t\t\t\t<\/div>\n\t\t\t\t<\/div>\n\t\t\t\t<\/div>\n\t\t<div class=\"elementor-element elementor-element-7e5e39b e-flex e-con-boxed e-con e-parent\" data-id=\"7e5e39b\" data-element_type=\"container\" data-e-type=\"container\">\n\t\t\t\t\t<div class=\"e-con-inner\">\n\t\t\t\t<div class=\"elementor-element elementor-element-e2d592f elementor-widget-divider--view-line elementor-widget elementor-widget-divider\" data-id=\"e2d592f\" data-element_type=\"widget\" data-e-type=\"widget\" data-widget_type=\"divider.default\">\n\t\t\t\t<div class=\"elementor-widget-container\">\n\t\t\t\t\t\t\t<div class=\"elementor-divider\">\n\t\t\t<span class=\"elementor-divider-separator\">\n\t\t\t\t\t\t<\/span>\n\t\t<\/div>\n\t\t\t\t\t\t<\/div>\n\t\t\t\t<\/div>\n\t\t\t\t<div class=\"elementor-element elementor-element-c49d2b9 elementor-widget elementor-widget-image\" data-id=\"c49d2b9\" data-element_type=\"widget\" data-e-type=\"widget\" data-widget_type=\"image.default\">\n\t\t\t\t<div class=\"elementor-widget-container\">\n\t\t\t\t\t\t\t\t\t\t\t\t\t\t\t<img loading=\"lazy\" decoding=\"async\" width=\"800\" height=\"93\" src=\"https:\/\/marper.net\/wp-content\/uploads\/2025\/05\/Logo-publicidad-1024x119-1.png\" class=\"attachment-large size-large wp-image-183\" alt=\"logo publicidad\" srcset=\"https:\/\/marper.net\/wp-content\/uploads\/2025\/05\/Logo-publicidad-1024x119-1.png 1024w, https:\/\/marper.net\/wp-content\/uploads\/2025\/05\/Logo-publicidad-1024x119-1-300x35.png 300w, https:\/\/marper.net\/wp-content\/uploads\/2025\/05\/Logo-publicidad-1024x119-1-768x89.png 768w\" sizes=\"(max-width: 800px) 100vw, 800px\" \/>\t\t\t\t\t\t\t\t\t\t\t\t\t\t\t<\/div>\n\t\t\t\t<\/div>\n\t\t\t\t\t<\/div>\n\t\t\t\t<\/div>\n\t\t\t\t<\/div>\n\t\t","protected":false},"excerpt":{"rendered":"<p>Revestimientos Marper SL Avda. Galicia, 45 Vegadeo Asturias Tlf: 679972712 Construcci\u00f3n en Asturias y Lugo Vivienda nueva, reformas, rehabilitaci\u00f3n, &#8230;. consultanos y te informamos Contactanos Sobre nosotros Somos una empresa dedicada a la construcci\u00f3n, comprometida con la calidad, la eficiencia y la satisfacci\u00f3n de nuestros clientes. Con un equipo de profesionales experimentados, ofrecemos soluciones adaptadas [&hellip;]<\/p>\n","protected":false},"author":1,"featured_media":0,"parent":0,"menu_order":0,"comment_status":"closed","ping_status":"closed","template":"","meta":{"footnotes":""},"class_list":["post-15","page","type-page","status-publish","hentry"],"yoast_head":"<!-- This site is optimized with the Yoast SEO plugin v27.3 - https:\/\/yoast.com\/product\/yoast-seo-wordpress\/ -->\n<title>Inicio<\/title>\n<meta name=\"description\" content=\"Marper Revestimientos. Empresa de construccion, reforma y rehabilitacion de vivienda y naves industriales en Vegadeo, Asturias\" \/>\n<meta name=\"robots\" content=\"index, follow, max-snippet:-1, max-image-preview:large, max-video-preview:-1\" \/>\n<link rel=\"canonical\" href=\"https:\/\/marper.net\/en\/\" \/>\n<meta property=\"og:locale\" content=\"en_US\" \/>\n<meta property=\"og:locale:alternate\" content=\"es_ES\" \/>\n<meta property=\"og:type\" content=\"article\" \/>\n<meta property=\"og:title\" content=\"Inicio\" \/>\n<meta property=\"og:description\" content=\"Marper Revestimientos. Empresa de construccion, reforma y rehabilitacion de vivienda y naves industriales en Vegadeo, Asturias\" \/>\n<meta property=\"og:url\" content=\"https:\/\/marper.net\/en\/\" \/>\n<meta property=\"og:site_name\" content=\"Marper Revestimientos SL\" \/>\n<meta property=\"article:modified_time\" content=\"2025-05-11T07:17:55+00:00\" \/>\n<meta property=\"og:image\" content=\"https:\/\/marper.net\/wp-content\/uploads\/2025\/05\/marper_header2-scaled.jpg\" \/>\n<meta name=\"twitter:card\" content=\"summary_large_image\" \/>\n<meta name=\"twitter:label1\" content=\"Est. reading time\" \/>\n\t<meta name=\"twitter:data1\" content=\"3 minutes\" \/>\n<script type=\"application\/ld+json\" class=\"yoast-schema-graph\">{\"@context\":\"https:\\\/\\\/schema.org\",\"@graph\":[{\"@type\":\"WebPage\",\"@id\":\"https:\\\/\\\/marper.net\\\/\",\"url\":\"https:\\\/\\\/marper.net\\\/\",\"name\":\"Inicio\",\"isPartOf\":{\"@id\":\"https:\\\/\\\/marper.net\\\/#website\"},\"primaryImageOfPage\":{\"@id\":\"https:\\\/\\\/marper.net\\\/#primaryimage\"},\"image\":{\"@id\":\"https:\\\/\\\/marper.net\\\/#primaryimage\"},\"thumbnailUrl\":\"https:\\\/\\\/marper.net\\\/wp-content\\\/uploads\\\/2025\\\/05\\\/marper_header2-scaled.jpg\",\"datePublished\":\"2025-05-05T16:20:28+00:00\",\"dateModified\":\"2025-05-11T07:17:55+00:00\",\"description\":\"Marper Revestimientos. Empresa de construccion, reforma y rehabilitacion de vivienda y naves industriales en Vegadeo, Asturias\",\"breadcrumb\":{\"@id\":\"https:\\\/\\\/marper.net\\\/#breadcrumb\"},\"inLanguage\":\"en-US\",\"potentialAction\":[{\"@type\":\"ReadAction\",\"target\":[\"https:\\\/\\\/marper.net\\\/\"]}]},{\"@type\":\"ImageObject\",\"inLanguage\":\"en-US\",\"@id\":\"https:\\\/\\\/marper.net\\\/#primaryimage\",\"url\":\"https:\\\/\\\/marper.net\\\/wp-content\\\/uploads\\\/2025\\\/05\\\/marper_header2-scaled.jpg\",\"contentUrl\":\"https:\\\/\\\/marper.net\\\/wp-content\\\/uploads\\\/2025\\\/05\\\/marper_header2-scaled.jpg\"},{\"@type\":\"BreadcrumbList\",\"@id\":\"https:\\\/\\\/marper.net\\\/#breadcrumb\",\"itemListElement\":[{\"@type\":\"ListItem\",\"position\":1,\"name\":\"Portada\",\"item\":\"https:\\\/\\\/marper.net\\\/\"},{\"@type\":\"ListItem\",\"position\":2,\"name\":\"Inicio\"}]},{\"@type\":\"WebSite\",\"@id\":\"https:\\\/\\\/marper.net\\\/#website\",\"url\":\"https:\\\/\\\/marper.net\\\/\",\"name\":\"Marper Revestimientos SL\",\"description\":\"\",\"publisher\":{\"@id\":\"https:\\\/\\\/marper.net\\\/#organization\"},\"potentialAction\":[{\"@type\":\"SearchAction\",\"target\":{\"@type\":\"EntryPoint\",\"urlTemplate\":\"https:\\\/\\\/marper.net\\\/?s={search_term_string}\"},\"query-input\":{\"@type\":\"PropertyValueSpecification\",\"valueRequired\":true,\"valueName\":\"search_term_string\"}}],\"inLanguage\":\"en-US\"},{\"@type\":\"Organization\",\"@id\":\"https:\\\/\\\/marper.net\\\/#organization\",\"name\":\"Marper Revestimientos SL\",\"url\":\"https:\\\/\\\/marper.net\\\/\",\"logo\":{\"@type\":\"ImageObject\",\"inLanguage\":\"en-US\",\"@id\":\"https:\\\/\\\/marper.net\\\/#\\\/schema\\\/logo\\\/image\\\/\",\"url\":\"https:\\\/\\\/marper.net\\\/wp-content\\\/uploads\\\/2025\\\/05\\\/LOGOMARPER.png\",\"contentUrl\":\"https:\\\/\\\/marper.net\\\/wp-content\\\/uploads\\\/2025\\\/05\\\/LOGOMARPER.png\",\"width\":320,\"height\":196,\"caption\":\"Marper Revestimientos SL\"},\"image\":{\"@id\":\"https:\\\/\\\/marper.net\\\/#\\\/schema\\\/logo\\\/image\\\/\"}}]}<\/script>\n<!-- \/ Yoast SEO plugin. -->","yoast_head_json":{"title":"Inicio","description":"Marper Revestimientos. Empresa de construccion, reforma y rehabilitacion de vivienda y naves industriales en Vegadeo, Asturias","robots":{"index":"index","follow":"follow","max-snippet":"max-snippet:-1","max-image-preview":"max-image-preview:large","max-video-preview":"max-video-preview:-1"},"canonical":"https:\/\/marper.net\/en\/","og_locale":"en_US","og_type":"article","og_title":"[:es]Inicio[:] - Marper Revestimientos SL","og_description":"[:es]Marper Revestimientos. Empresa de construccion, reforma y rehabilitacion de vivienda y naves industriales en Vegadeo, Asturias[:]","og_url":"https:\/\/marper.net\/en\/","og_site_name":"Marper Revestimientos SL","article_modified_time":"2025-05-11T07:17:55+00:00","og_image":[{"url":"https:\/\/marper.net\/wp-content\/uploads\/2025\/05\/marper_header2-scaled.jpg","type":"","width":"","height":""}],"twitter_card":"summary_large_image","twitter_misc":{"Est. reading time":"3 minutes"},"schema":{"@context":"https:\/\/schema.org","@graph":[{"@type":"WebPage","@id":"https:\/\/marper.net\/","url":"https:\/\/marper.net\/","name":"Inicio","isPartOf":{"@id":"https:\/\/marper.net\/#website"},"primaryImageOfPage":{"@id":"https:\/\/marper.net\/#primaryimage"},"image":{"@id":"https:\/\/marper.net\/#primaryimage"},"thumbnailUrl":"https:\/\/marper.net\/wp-content\/uploads\/2025\/05\/marper_header2-scaled.jpg","datePublished":"2025-05-05T16:20:28+00:00","dateModified":"2025-05-11T07:17:55+00:00","description":"Marper Revestimientos. Empresa de construccion, reforma y rehabilitacion de vivienda y naves industriales en Vegadeo, Asturias","breadcrumb":{"@id":"https:\/\/marper.net\/#breadcrumb"},"inLanguage":"en-US","potentialAction":[{"@type":"ReadAction","target":["https:\/\/marper.net\/"]}]},{"@type":"ImageObject","inLanguage":"en-US","@id":"https:\/\/marper.net\/#primaryimage","url":"https:\/\/marper.net\/wp-content\/uploads\/2025\/05\/marper_header2-scaled.jpg","contentUrl":"https:\/\/marper.net\/wp-content\/uploads\/2025\/05\/marper_header2-scaled.jpg"},{"@type":"BreadcrumbList","@id":"https:\/\/marper.net\/#breadcrumb","itemListElement":[{"@type":"ListItem","position":1,"name":"Portada","item":"https:\/\/marper.net\/"},{"@type":"ListItem","position":2,"name":"Inicio"}]},{"@type":"WebSite","@id":"https:\/\/marper.net\/#website","url":"https:\/\/marper.net\/","name":"Marper Revestimientos SL","description":"","publisher":{"@id":"https:\/\/marper.net\/#organization"},"potentialAction":[{"@type":"SearchAction","target":{"@type":"EntryPoint","urlTemplate":"https:\/\/marper.net\/?s={search_term_string}"},"query-input":{"@type":"PropertyValueSpecification","valueRequired":true,"valueName":"search_term_string"}}],"inLanguage":"en-US"},{"@type":"Organization","@id":"https:\/\/marper.net\/#organization","name":"Marper Revestimientos SL","url":"https:\/\/marper.net\/","logo":{"@type":"ImageObject","inLanguage":"en-US","@id":"https:\/\/marper.net\/#\/schema\/logo\/image\/","url":"https:\/\/marper.net\/wp-content\/uploads\/2025\/05\/LOGOMARPER.png","contentUrl":"https:\/\/marper.net\/wp-content\/uploads\/2025\/05\/LOGOMARPER.png","width":320,"height":196,"caption":"Marper Revestimientos SL"},"image":{"@id":"https:\/\/marper.net\/#\/schema\/logo\/image\/"}}]}},"_links":{"self":[{"href":"https:\/\/marper.net\/en\/wp-json\/wp\/v2\/pages\/15","targetHints":{"allow":["GET"]}}],"collection":[{"href":"https:\/\/marper.net\/en\/wp-json\/wp\/v2\/pages"}],"about":[{"href":"https:\/\/marper.net\/en\/wp-json\/wp\/v2\/types\/page"}],"author":[{"embeddable":true,"href":"https:\/\/marper.net\/en\/wp-json\/wp\/v2\/users\/1"}],"replies":[{"embeddable":true,"href":"https:\/\/marper.net\/en\/wp-json\/wp\/v2\/comments?post=15"}],"version-history":[{"count":86,"href":"https:\/\/marper.net\/en\/wp-json\/wp\/v2\/pages\/15\/revisions"}],"predecessor-version":[{"id":252,"href":"https:\/\/marper.net\/en\/wp-json\/wp\/v2\/pages\/15\/revisions\/252"}],"wp:attachment":[{"href":"https:\/\/marper.net\/en\/wp-json\/wp\/v2\/media?parent=15"}],"curies":[{"name":"wp","href":"https:\/\/api.w.org\/{rel}","templated":true}]}}